{"id":48369,"date":"2022-02-25T15:30:24","date_gmt":"2022-02-25T15:30:24","guid":{"rendered":"https:\/\/www.globalrescue.com\/consejo-consultivo-de-la-montana\/"},"modified":"2025-07-17T11:54:34","modified_gmt":"2025-07-17T11:54:34","slug":"consejo-consultivo-de-la-montana","status":"publish","type":"page","link":"https:\/\/www.globalrescuetravel.com\/es\/landingpages\/mountainadvisorycouncil\/","title":{"rendered":"Consejo Consultivo de la Monta\u00f1a"},"content":{"rendered":"<div class=\"wpb-content-wrapper\"><p>[vc_row][vc_column][vc_row_inner el_class=\u00bbcontainer auto-margin mt-4&#8243;][vc_column_inner][vc_column_text css=\u00bb\u00bb]<\/p>\n<div>\n<p>&nbsp;<\/p>\n<p>Global Rescue es el principal recurso de rescate de emergencia para monta\u00f1eros, escaladores y amantes de la monta\u00f1a. Nuestro Consejo Asesor de Monta\u00f1a nos ayuda a mantener nuestros servicios al m\u00e1ximo nivel. <\/p>\n<p>El Consejo Asesor de Monta\u00f1a de Global Rescue est\u00e1 dirigido por la leyenda del alpinismo Ed Viesturs.<\/p>\n<p>Desde nuestra fundaci\u00f3n en 2004, Global Rescue ha sido pionera en el rescate sobre el terreno desde el punto de enfermedad o lesi\u00f3n, ha establecido una afiliaci\u00f3n de casi dos d\u00e9cadas con la Divisi\u00f3n de Operaciones Especiales del Departamento de Medicina de Urgencias de Johns Hopkins y Partners HealthCare, y ha liderado el sector como \u00fanica organizaci\u00f3n con personal desplegado y capacidad operativa en lugares clave, como las regiones del Himalaya, el Karakorum y los Andes.<\/p>\n<p>&nbsp;<\/p>\n<h4><span style=\"color: #d71635;\"><strong>Adem\u00e1s de Viesturs, entre los miembros del Consejo Asesor de Monta\u00f1a de Global Rescue figuran:<\/strong><\/span><\/h4>\n<ul>\n<li>El Dr. Eric Johnson, director m\u00e9dico asociado de Global Rescue, ex presidente de la Wilderness Medical Society y miembro de la Junta Directiva de la Himalaya Rescue Association. Johnson es tambi\u00e9n uno de los fundadores de EVEREST ER. <\/li>\n<li>La autoridad en operaciones especiales y planificaci\u00f3n cr\u00edtica Scott Hume, Vicepresidente de Operaciones de Global Rescue y antiguo Jefe de Operaciones de la 3\u00aa Brigada de la 25\u00aa Divisi\u00f3n de Infanter\u00eda.<\/li>\n<li>El ex m\u00e9dico de combate de las Fuerzas Armadas de Singapur David Koo, director de operaciones de Global Rescue y ex director de operaciones del Hospital Khoo Teck Puat de Singapur.<\/li>\n<li>Dan Stretch, director de operaciones de Global Rescue, trabaja en Nepal durante la temporada de escalada del Everest. Ha coordinado cientos de evacuaciones y operaciones de respuesta a crisis. <\/li>\n<li>Ex SEAL de la Armada y director asociado de Operaciones de Seguridad de Rescate Global, Harding Bush posee amplios conocimientos de monta\u00f1a y operaciones en climas fr\u00edos. Ha desarrollado m\u00faltiples programas de formaci\u00f3n en esqu\u00ed de monta\u00f1a y supervivencia en climas fr\u00edos. Es graduado de varios cursos de monta\u00f1ismo de Estados Unidos y la OTAN, incluida la Escuela Eslovena de Guerra de Monta\u00f1a\u00bb.  <\/li>\n<\/ul>\n<p>&nbsp;<\/p>\n<\/div>\n<p>[\/vc_column_text][\/vc_column_inner][\/vc_row_inner][\/vc_column][\/vc_row][vc_row el_class=\u00bbcontainer auto-margin mountain_advisory mb-5&#8243;][vc_column][vc_row_inner el_class=\u00bbmb-3&#8243;][vc_column_inner][vc_column_text]<\/p>\n<h2 style=\"text-align: center;\"><span style=\"color: #d71635;\"><strong>Consejo Consultivo de la Monta\u00f1a<\/strong><\/span><\/h2>\n<p>[\/vc_column_text][\/vc_column_inner][\/vc_row_inner][vc_row_inner][vc_column_inner width=\u00bb1\/6&#8243; offset=\u00bbvc_col-xs-6 vc_hidden-xs\u00bb][\/vc_column_inner][vc_column_inner width=\u00bb1\/3&#8243; offset=\u00bbvc_col-xs-6&#8243;][vc_single_image image=\u00bb6065&#8243; img_size=\u00bbfull\u00bb][vc_column_text]<\/p>\n<p style=\"text-align: center;\"><strong>Ed Viesturs<\/strong><\/p>\n<p>[\/vc_column_text][\/vc_column_inner][vc_column_inner width=\u00bb1\/3&#8243; offset=\u00bbvc_col-xs-6&#8243;][vc_single_image image=\u00bb6066&#8243; img_size=\u00bbfull\u00bb][vc_column_text]<\/p>\n<p style=\"text-align: center;\"><strong>Eric Johnson<\/strong><\/p>\n<p>[\/vc_column_text][\/vc_column_inner][vc_column_inner width=\u00bb1\/6&#8243; offset=\u00bbvc_col-xs-6 vc_hidden-xs\u00bb][\/vc_column_inner][vc_column_inner width=\u00bb1\/4&#8243; offset=\u00bbvc_col-xs-6&#8243;][vc_single_image image=\u00bb6070&#8243; img_size=\u00bbfull\u00bb][vc_column_text]<\/p>\n<p style=\"text-align: center;\"><strong>Scot Hume<\/strong><\/p>\n<p>[\/vc_column_text][\/vc_column_inner][vc_column_inner width=\u00bb1\/4&#8243; offset=\u00bbvc_col-xs-6&#8243;][vc_single_image image=\u00bb6064&#8243; img_size=\u00bbfull\u00bb][vc_column_text]<\/p>\n<p style=\"text-align: center;\"><strong>David Koo<\/strong><\/p>\n<p>[\/vc_column_text][\/vc_column_inner][vc_column_inner width=\u00bb1\/4&#8243; offset=\u00bbvc_col-xs-6&#8243;][vc_single_image image=\u00bb6063&#8243; img_size=\u00bbfull\u00bb][vc_column_text]<\/p>\n<p style=\"text-align: center;\"><strong>Dan Stretch<\/strong><\/p>\n<p>[\/vc_column_text][\/vc_column_inner][vc_column_inner width=\u00bb1\/4&#8243; offset=\u00bbvc_col-xs-6&#8243;][vc_single_image image=\u00bb6068&#8243; img_size=\u00bbfull\u00bb][vc_column_text]<\/p>\n<p style=\"text-align: center;\"><strong>Arbusto Harding<\/strong><\/p>\n<p>[\/vc_column_text][\/vc_column_inner][\/vc_row_inner][\/vc_column][\/vc_row][vc_row][vc_column][vc_column_text]<\/p>\n<p>[\/vc_column_text][\/vc_column][\/vc_row][vc_row css=\u00bb.vc_custom_1646911880606{background-color: #e6e6e6 !important;}\u00bb][vc_column][vc_row_inner el_class=\u00bbcontainer auto-margin testimonials\u00bb][vc_column_inner][vc_column_text css=\u00bb\u00bb]\t<div class=\"col-sm-12\">\r\n\t\t<h2 class=\"color-danger heading \" style=\"margin: 20px 0px; text-align: left; font-size: ;\">Learn More<\/h2>\r\n\t<\/div>\r\n<div class=\"row posts-grid\">\r\n\t\t\t\t\t<div class=\"col-6 col-md-3\">\r\n\t\t\t\t<a class=\"lp-blog-list-v2 m-b-sml-20\" style=\"position:relative;display:block\" target=\"_blank\" href=\"https:\/\/www.globalrescuetravel.com\/es\/common\/blog\/detail\/can-i-climb-the-seven-summits-during-delta\/\" data-event=\"\" data-eventcategory=\"Link\" data-eventlabel=\"Blog Square - \u00bfPuedo escalar las Siete Cumbres durante la variante Delta?\">\r\n\t\t\t\t\t<div class=\"thumbnail m-b-5 lazyload-bg-img\" style=\"pointer-events: none; overflow: hidden; padding: 0px; border-radius: 0px; background-size: cover; height: 170px; background-image: url(https:\/\/www.globalrescuetravel.com\/grcom\/grmkt_resources\/images\/Media-blog-images\/Mount-Kilimanjaro-climb.jpg);\" data-src=\"https:\/\/www.globalrescuetravel.com\/grcom\/grmkt_resources\/images\/Media-blog-images\/Mount-Kilimanjaro-climb.jpg\">\r\n\t\t\t\t\t<\/div>\r\n\t\t\t\t\t<div class=\"foreground\" style=\"position: absolute;top:0;justify-content:center;align-items:center;width:100%;height:100%;background:rgba(0,0,0,0.5)\"><\/div>\r\n\t\t\t\t\t<p class=\"m-t-0\" style=\"pointer-events:none;position: absolute;bottom: 30px;left: 12px;right:12px;color: #fff;text-shadow: 1px 1px 1px #333;\">\r\n\t\t\t\t\t\t<b>Escalada a las Siete Cumbres<\/b>\r\n\t\t\t\t\t<\/p>\r\n\t\t\t\t\t  <span style=\"pointer-events:none;color:#fff;position: absolute;bottom: 15px;left: 12px;\">\r\n\t\t\t\t\t    Leer<span style=\"color: #fff;font-size: 19px;\">\u2192<\/span>\r\n\t\t\t\t\t  <\/span>\r\n\t\t\t   <\/a>\r\n\t\t\t<\/div>\r\n\t\t\t\t\t\t\t\t\t<div class=\"col-6 col-md-3\">\r\n\t\t\t\t<a class=\"lp-blog-list-v2 m-b-sml-20\" style=\"position:relative;display:block\" target=\"_blank\" href=\"https:\/\/www.globalrescuetravel.com\/es\/common\/blog\/detail\/rock-climbing-alone\/\" data-event=\"\" data-eventcategory=\"Link\" data-eventlabel=\"Blog Square - \u00bfSe puede escalar solo?\">\r\n\t\t\t\t\t<div class=\"thumbnail m-b-5 lazyload-bg-img\" style=\"pointer-events: none; overflow: hidden; padding: 0px; border-radius: 0px; background-size: cover; height: 170px; background-image: url(https:\/\/www.globalrescuetravel.com\/grcom\/grmkt_resources\/images\/Media-blog-images\/rock-climbing-safety.jpg);\" data-src=\"https:\/\/www.globalrescuetravel.com\/grcom\/grmkt_resources\/images\/Media-blog-images\/rock-climbing-safety.jpg\">\r\n\t\t\t\t\t<\/div>\r\n\t\t\t\t\t<div class=\"foreground\" style=\"position: absolute;top:0;justify-content:center;align-items:center;width:100%;height:100%;background:rgba(0,0,0,0.5)\"><\/div>\r\n\t\t\t\t\t<p class=\"m-t-0\" style=\"pointer-events:none;position: absolute;bottom: 30px;left: 12px;right:12px;color: #fff;text-shadow: 1px 1px 1px #333;\">\r\n\t\t\t\t\t\t<b>\u00bfSe puede escalar en roca solo?<\/b>\r\n\t\t\t\t\t<\/p>\r\n\t\t\t\t\t  <span style=\"pointer-events:none;color:#fff;position: absolute;bottom: 15px;left: 12px;\">\r\n\t\t\t\t\t    Leer<span style=\"color: #fff;font-size: 19px;\">\u2192<\/span>\r\n\t\t\t\t\t  <\/span>\r\n\t\t\t   <\/a>\r\n\t\t\t<\/div>\r\n\t\t\t\t\t\t\t\t\t<div class=\"col-6 col-md-3\">\r\n\t\t\t\t<a class=\"lp-blog-list-v2 m-b-sml-20\" style=\"position:relative;display:block\" target=\"_blank\" href=\"https:\/\/www.globalrescuetravel.com\/es\/common\/blog\/detail\/technical-and-high-altitude-climbs\/\" data-event=\"\" data-eventcategory=\"Link\" data-eventlabel=\"Blog Square - Las mejores opciones para ascensiones t\u00e9cnicas y de gran altitud durante la pandemia\">\r\n\t\t\t\t\t<div class=\"thumbnail m-b-5 lazyload-bg-img\" style=\"pointer-events: none; overflow: hidden; padding: 0px; border-radius: 0px; background-size: cover; height: 170px; background-image: url(https:\/\/www.globalrescuetravel.com\/grcom\/grmkt_resources\/images\/Media-blog-images\/Blog-post-images\/4-Spitzer.jpg);\" data-src=\"https:\/\/www.globalrescuetravel.com\/grcom\/grmkt_resources\/images\/Media-blog-images\/Blog-post-images\/4-Spitzer.jpg\">\r\n\t\t\t\t\t<\/div>\r\n\t\t\t\t\t<div class=\"foreground\" style=\"position: absolute;top:0;justify-content:center;align-items:center;width:100%;height:100%;background:rgba(0,0,0,0.5)\"><\/div>\r\n\t\t\t\t\t<p class=\"m-t-0\" style=\"pointer-events:none;position: absolute;bottom: 30px;left: 12px;right:12px;color: #fff;text-shadow: 1px 1px 1px #333;\">\r\n\t\t\t\t\t\t<b>Mejores ascensiones t\u00e9cnicas y de gran altitud pand\u00e9micas<\/b>\r\n\t\t\t\t\t<\/p>\r\n\t\t\t\t\t  <span style=\"pointer-events:none;color:#fff;position: absolute;bottom: 15px;left: 12px;\">\r\n\t\t\t\t\t    Leer<span style=\"color: #fff;font-size: 19px;\">\u2192<\/span>\r\n\t\t\t\t\t  <\/span>\r\n\t\t\t   <\/a>\r\n\t\t\t<\/div>\r\n\t\t\t\t\t\t\t\t\t<div class=\"col-6 col-md-3\">\r\n\t\t\t\t<a class=\"lp-blog-list-v2 m-b-sml-20\" style=\"position:relative;display:block\" target=\"_blank\" href=\"https:\/\/www.globalrescuetravel.com\/es\/common\/blog\/detail\/long-line-helicopter-rescue-on-ama-dablam\/\" data-event=\"\" data-eventcategory=\"Link\" data-eventlabel=\"Blog Square - Una historia de viajes: Rescate en helic\u00f3ptero de larga distancia en Ama Dablam\">\r\n\t\t\t\t\t<div class=\"thumbnail m-b-5 lazyload-bg-img\" style=\"pointer-events: none; overflow: hidden; padding: 0px; border-radius: 0px; background-size: cover; height: 170px; background-image: url(https:\/\/www.globalrescuetravel.com\/grcom\/grmkt_resources\/images\/Media-blog-images\/Blog-post-images\/Satyarup_long-line-rescue_Ama-Dablam-camp-2.jpg);\" data-src=\"https:\/\/www.globalrescuetravel.com\/grcom\/grmkt_resources\/images\/Media-blog-images\/Blog-post-images\/Satyarup_long-line-rescue_Ama-Dablam-camp-2.jpg\">\r\n\t\t\t\t\t<\/div>\r\n\t\t\t\t\t<div class=\"foreground\" style=\"position: absolute;top:0;justify-content:center;align-items:center;width:100%;height:100%;background:rgba(0,0,0,0.5)\"><\/div>\r\n\t\t\t\t\t<p class=\"m-t-0\" style=\"pointer-events:none;position: absolute;bottom: 30px;left: 12px;right:12px;color: #fff;text-shadow: 1px 1px 1px #333;\">\r\n\t\t\t\t\t\t<b>Rescate en helic\u00f3ptero de larga distancia en el Ama Dablam<\/b>\r\n\t\t\t\t\t<\/p>\r\n\t\t\t\t\t  <span style=\"pointer-events:none;color:#fff;position: absolute;bottom: 15px;left: 12px;\">\r\n\t\t\t\t\t    Leer<span style=\"color: #fff;font-size: 19px;\">\u2192<\/span>\r\n\t\t\t\t\t  <\/span>\r\n\t\t\t   <\/a>\r\n\t\t\t<\/div>\r\n\t\t\t\t\t\t<\/div>\r\n<div class=\"text-center m-t-20 m-b-20\">\r\n\t<a href=\"https:\/\/www.globalrescue.com\/index.php\/common\/blog\/\" class=\"btn btn-danger btn-gr btn-lg\" data-event=\"\" data-eventcategory=\"Button\" data-eventlabel=\"VISIT OUR BLOG\" target=\"_blank\">VISIT OUR BLOG<\/a>\r\n<\/div>\r\n[\/vc_column_text][\/vc_column_inner][\/vc_row_inner][\/vc_column][\/vc_row]<\/p>\n<\/div>","protected":false},"excerpt":{"rendered":"<p>[vc_row][vc_column][vc_row_inner el_class=\u00bbcontainer auto-margin mt-4&#8243;][vc_column_inner][vc_column_text css=\u00bb\u00bb] &nbsp; Global Rescue es el principal recurso de rescate de emergencia para monta\u00f1eros, escaladores y amantes de la monta\u00f1a. Nuestro Consejo Asesor de Monta\u00f1a nos ayuda a mantener nuestros servicios al m\u00e1ximo nivel. El Consejo Asesor de Monta\u00f1a de Global Rescue est\u00e1 dirigido por la leyenda del alpinismo Ed Viesturs. [&hellip;]<\/p>\n","protected":false},"author":1,"featured_media":40535,"parent":0,"menu_order":0,"comment_status":"closed","ping_status":"closed","template":"landing-pages\/template-lp-dark-header.php","meta":{"_acf_changed":false,"inline_featured_image":false,"footnotes":""},"class_list":["post-48369","page","type-page","status-publish","has-post-thumbnail","hentry"],"acf":[],"_links":{"self":[{"href":"https:\/\/www.globalrescuetravel.com\/es\/wp-json\/wp\/v2\/pages\/48369","targetHints":{"allow":["GET"]}}],"collection":[{"href":"https:\/\/www.globalrescuetravel.com\/es\/wp-json\/wp\/v2\/pages"}],"about":[{"href":"https:\/\/www.globalrescuetravel.com\/es\/wp-json\/wp\/v2\/types\/page"}],"author":[{"embeddable":true,"href":"https:\/\/www.globalrescuetravel.com\/es\/wp-json\/wp\/v2\/users\/1"}],"replies":[{"embeddable":true,"href":"https:\/\/www.globalrescuetravel.com\/es\/wp-json\/wp\/v2\/comments?post=48369"}],"version-history":[{"count":9,"href":"https:\/\/www.globalrescuetravel.com\/es\/wp-json\/wp\/v2\/pages\/48369\/revisions"}],"predecessor-version":[{"id":48468,"href":"https:\/\/www.globalrescuetravel.com\/es\/wp-json\/wp\/v2\/pages\/48369\/revisions\/48468"}],"wp:featuredmedia":[{"embeddable":true,"href":"https:\/\/www.globalrescuetravel.com\/es\/wp-json\/wp\/v2\/media\/40535"}],"wp:attachment":[{"href":"https:\/\/www.globalrescuetravel.com\/es\/wp-json\/wp\/v2\/media?parent=48369"}],"curies":[{"name":"wp","href":"https:\/\/api.w.org\/{rel}","templated":true}]}}